{"id":5229,"date":"2023-03-10T09:57:44","date_gmt":"2023-03-10T09:57:44","guid":{"rendered":"https:\/\/ladenkfabrik-dev.eu\/?page_id=5229"},"modified":"2023-06-02T12:24:13","modified_gmt":"2023-06-02T12:24:13","slug":"projets","status":"publish","type":"page","link":"https:\/\/ladenkfabrik.eu\/fr\/projets\/","title":{"rendered":"Projets"},"content":{"rendered":"\t\t<div data-elementor-type=\"wp-page\" data-elementor-id=\"5229\" class=\"elementor elementor-5229\" data-elementor-post-type=\"page\">\n\t\t\t\t\t\t<section class=\"elementor-section elementor-top-section elementor-element elementor-element-3772a3e2 elementor-section-boxed elementor-section-height-default elementor-section-height-default\" data-id=\"3772a3e2\" data-element_type=\"section\" data-e-type=\"section\">\n\t\t\t\t\t\t<div class=\"elementor-container elementor-column-gap-default\">\n\t\t\t\t\t<div class=\"elementor-column elementor-col-100 elementor-top-column elementor-element elementor-element-2ce32409\" data-id=\"2ce32409\" data-element_type=\"column\" data-e-type=\"column\">\n\t\t\t<div class=\"elementor-widget-wrap elementor-element-populated\">\n\t\t\t\t\t\t<div class=\"elementor-element elementor-element-464b3531 elementor-widget elementor-widget-heading\" data-id=\"464b3531\" data-element_type=\"widget\" data-e-type=\"widget\" data-widget_type=\"heading.default\">\n\t\t\t\t<div class=\"elementor-widget-container\">\n\t\t\t\t\t<h2 class=\"elementor-heading-title elementor-size-default\">Nos Projets<\/h2>\t\t\t\t<\/div>\n\t\t\t\t<\/div>\n\t\t\t\t<div class=\"elementor-element elementor-element-1ec8d4cb elementor-widget elementor-widget-text-editor\" data-id=\"1ec8d4cb\" data-element_type=\"widget\" data-e-type=\"widget\" data-widget_type=\"text-editor.default\">\n\t\t\t\t<div class=\"elementor-widget-container\">\n\t\t\t\t\t\t\t\t\t<p>La DenkFabrik, c&rsquo;est d&rsquo;abord une aventure cr\u00e9ative. D\u00e9bats, questions de soci\u00e9t\u00e9, d\u00e9fense, culture, \u00e9nergie : DenkFabrik, c&rsquo;est d\u00e9j\u00e0 plus d&rsquo;une dizaine de projets et autant d&rsquo;\u00e9quipes qui planchent sur des articles, organisent des \u00e9v\u00e8nements, con\u00e7oivent des projets digitaux.<\/p>\n<p>DenkDefense, DenkKultur, DenkMit, DenkStory mais aussi conversations am Rhein, Kapsule, on te dit tout sur ces projets.<\/p>\t\t\t\t\t\t\t\t<\/div>\n\t\t\t\t<\/div>\n\t\t\t\t<section class=\"elementor-section elementor-inner-section elementor-element elementor-element-674c0ae elementor-section-boxed elementor-section-height-default elementor-section-height-default\" data-id=\"674c0ae\" data-element_type=\"section\" data-e-type=\"section\">\n\t\t\t\t\t\t<div class=\"elementor-container elementor-column-gap-default\">\n\t\t\t\t\t<div class=\"elementor-column elementor-col-50 elementor-inner-column elementor-element elementor-element-49e3022\" data-id=\"49e3022\" data-element_type=\"column\" data-e-type=\"column\">\n\t\t\t<div class=\"elementor-widget-wrap elementor-element-populated\">\n\t\t\t\t\t\t<div class=\"elementor-element elementor-element-a825370 elementor-widget elementor-widget-image\" data-id=\"a825370\" data-element_type=\"widget\" data-e-type=\"widget\" data-widget_type=\"image.default\">\n\t\t\t\t<div class=\"elementor-widget-container\">\n\t\t\t\t\t\t\t\t\t\t\t\t\t\t\t\t<a href=\"https:\/\/ladenkfabrik.eu\/fr\/publications\/denkmit\/\">\n\t\t\t\t\t\t\t<img fetchpriority=\"high\" decoding=\"async\" width=\"1920\" height=\"1080\" src=\"https:\/\/ladenkfabrik.eu\/wp-content\/uploads\/2023\/02\/DM_1.png\" class=\"attachment-full size-full wp-image-335\" alt=\"\" srcset=\"https:\/\/ladenkfabrik.eu\/wp-content\/uploads\/2023\/02\/DM_1.png 1920w, https:\/\/ladenkfabrik.eu\/wp-content\/uploads\/2023\/02\/DM_1-300x169.png 300w, https:\/\/ladenkfabrik.eu\/wp-content\/uploads\/2023\/02\/DM_1-1024x576.png 1024w, https:\/\/ladenkfabrik.eu\/wp-content\/uploads\/2023\/02\/DM_1-768x432.png 768w, https:\/\/ladenkfabrik.eu\/wp-content\/uploads\/2023\/02\/DM_1-1536x864.png 1536w\" sizes=\"(max-width: 1920px) 100vw, 1920px\" \/>\t\t\t\t\t\t\t\t<\/a>\n\t\t\t\t\t\t\t\t\t\t\t\t\t\t\t<\/div>\n\t\t\t\t<\/div>\n\t\t\t\t\t<\/div>\n\t\t<\/div>\n\t\t\t\t<div class=\"elementor-column elementor-col-50 elementor-inner-column elementor-element elementor-element-c4b7644\" data-id=\"c4b7644\" data-element_type=\"column\" data-e-type=\"column\">\n\t\t\t<div class=\"elementor-widget-wrap elementor-element-populated\">\n\t\t\t\t\t\t<div class=\"elementor-element elementor-element-d928cf6 elementor-widget elementor-widget-heading\" data-id=\"d928cf6\" data-element_type=\"widget\" data-e-type=\"widget\" data-widget_type=\"heading.default\">\n\t\t\t\t<div class=\"elementor-widget-container\">\n\t\t\t\t\t<h2 class=\"elementor-heading-title elementor-size-default\"><a href=\"https:\/\/ladenkfabrik.eu\/fr\/publications\/denkmit\/\">DenkMit: une nouvelle ambition pour la jeunesse franco-allemande<\/a><\/h2>\t\t\t\t<\/div>\n\t\t\t\t<\/div>\n\t\t\t\t<div class=\"elementor-element elementor-element-f95501c elementor-widget elementor-widget-text-editor\" data-id=\"f95501c\" data-element_type=\"widget\" data-e-type=\"widget\" data-widget_type=\"text-editor.default\">\n\t\t\t\t<div class=\"elementor-widget-container\">\n\t\t\t\t\t\t\t\t\t<p>DenkMit, c\u2019est une consultation destin\u00e9e aux \u00e9tudiants pour recueillir leur vision du franco-allemand d\u2019aujourd\u2019hui. Scolarit\u00e9, \u00e9tudes, \u00e9changes, id\u00e9es nouvelles : les id\u00e9es qui en sont issues sont un vivier de propositions pour construire ensemble et de mani\u00e8re concr\u00e8te un franco-allemand plus ouvert, plus inclusif et plus novateur.<\/p>\t\t\t\t\t\t\t\t<\/div>\n\t\t\t\t<\/div>\n\t\t\t\t\t<\/div>\n\t\t<\/div>\n\t\t\t\t\t<\/div>\n\t\t<\/section>\n\t\t\t\t<section class=\"elementor-section elementor-inner-section elementor-element elementor-element-f17783d elementor-section-boxed elementor-section-height-default elementor-section-height-default\" data-id=\"f17783d\" data-element_type=\"section\" data-e-type=\"section\">\n\t\t\t\t\t\t<div class=\"elementor-container elementor-column-gap-default\">\n\t\t\t\t\t<div class=\"elementor-column elementor-col-50 elementor-inner-column elementor-element elementor-element-e5c751b\" data-id=\"e5c751b\" data-element_type=\"column\" data-e-type=\"column\">\n\t\t\t<div class=\"elementor-widget-wrap elementor-element-populated\">\n\t\t\t\t\t\t<div class=\"elementor-element elementor-element-9c690f1 elementor-widget elementor-widget-image\" data-id=\"9c690f1\" data-element_type=\"widget\" data-e-type=\"widget\" data-widget_type=\"image.default\">\n\t\t\t\t<div class=\"elementor-widget-container\">\n\t\t\t\t\t\t\t\t\t\t\t\t\t\t\t\t<a href=\"https:\/\/ladenkfabrik.eu\/fr\/projekte\/dimancheeu\/\">\n\t\t\t\t\t\t\t<img decoding=\"async\" width=\"1009\" height=\"378\" src=\"https:\/\/ladenkfabrik.eu\/wp-content\/uploads\/2023\/05\/logo-dimanchEU-e1620592507975.png\" class=\"attachment-full size-full wp-image-6101\" alt=\"\" srcset=\"https:\/\/ladenkfabrik.eu\/wp-content\/uploads\/2023\/05\/logo-dimanchEU-e1620592507975.png 1009w, https:\/\/ladenkfabrik.eu\/wp-content\/uploads\/2023\/05\/logo-dimanchEU-e1620592507975-300x112.png 300w, https:\/\/ladenkfabrik.eu\/wp-content\/uploads\/2023\/05\/logo-dimanchEU-e1620592507975-768x288.png 768w, https:\/\/ladenkfabrik.eu\/wp-content\/uploads\/2023\/05\/logo-dimanchEU-e1620592507975-18x7.png 18w\" sizes=\"(max-width: 1009px) 100vw, 1009px\" \/>\t\t\t\t\t\t\t\t<\/a>\n\t\t\t\t\t\t\t\t\t\t\t\t\t\t\t<\/div>\n\t\t\t\t<\/div>\n\t\t\t\t\t<\/div>\n\t\t<\/div>\n\t\t\t\t<div class=\"elementor-column elementor-col-50 elementor-inner-column elementor-element elementor-element-5b13404\" data-id=\"5b13404\" data-element_type=\"column\" data-e-type=\"column\">\n\t\t\t<div class=\"elementor-widget-wrap elementor-element-populated\">\n\t\t\t\t\t\t<div class=\"elementor-element elementor-element-dc50ce3 elementor-widget elementor-widget-heading\" data-id=\"dc50ce3\" data-element_type=\"widget\" data-e-type=\"widget\" data-widget_type=\"heading.default\">\n\t\t\t\t<div class=\"elementor-widget-container\">\n\t\t\t\t\t<h2 class=\"elementor-heading-title elementor-size-default\"><a href=\"https:\/\/ladenkfabrik.eu\/fr\/projekte\/dimancheeu\/\">DimanchEU<\/a><\/h2>\t\t\t\t<\/div>\n\t\t\t\t<\/div>\n\t\t\t\t<div class=\"elementor-element elementor-element-42352d8 elementor-widget elementor-widget-text-editor\" data-id=\"42352d8\" data-element_type=\"widget\" data-e-type=\"widget\" data-widget_type=\"text-editor.default\">\n\t\t\t\t<div class=\"elementor-widget-container\">\n\t\t\t\t\t\t\t\t\t<p>D\u00e9bats et entretiens exceptionnels pour la journ\u00e9e de l\u2019Europe par la DenkFabrik et le Centre Mondial de la Paix et des Droits de l\u2019Homme de Verdun.<\/p>\t\t\t\t\t\t\t\t<\/div>\n\t\t\t\t<\/div>\n\t\t\t\t\t<\/div>\n\t\t<\/div>\n\t\t\t\t\t<\/div>\n\t\t<\/section>\n\t\t\t\t<section class=\"elementor-section elementor-inner-section elementor-element elementor-element-51c37083 elementor-section-boxed elementor-section-height-default elementor-section-height-default\" data-id=\"51c37083\" data-element_type=\"section\" data-e-type=\"section\">\n\t\t\t\t\t\t<div class=\"elementor-container elementor-column-gap-default\">\n\t\t\t\t\t<div class=\"elementor-column elementor-col-50 elementor-inner-column elementor-element elementor-element-2a1c9985\" data-id=\"2a1c9985\" data-element_type=\"column\" data-e-type=\"column\">\n\t\t\t<div class=\"elementor-widget-wrap elementor-element-populated\">\n\t\t\t\t\t\t<div class=\"elementor-element elementor-element-e13c4cc elementor-widget elementor-widget-image\" data-id=\"e13c4cc\" data-element_type=\"widget\" data-e-type=\"widget\" data-widget_type=\"image.default\">\n\t\t\t\t<div class=\"elementor-widget-container\">\n\t\t\t\t\t\t\t\t\t\t\t\t\t\t\t\t<a href=\"https:\/\/ladenkfabrik.eu\/fr\/publications\/#denkdefense\">\n\t\t\t\t\t\t\t<img decoding=\"async\" width=\"1920\" height=\"1080\" src=\"https:\/\/ladenkfabrik.eu\/wp-content\/uploads\/2022\/08\/COUV-ART-DFS-1.png\" class=\"attachment-full size-full wp-image-4317\" alt=\"\" srcset=\"https:\/\/ladenkfabrik.eu\/wp-content\/uploads\/2022\/08\/COUV-ART-DFS-1.png 1920w, https:\/\/ladenkfabrik.eu\/wp-content\/uploads\/2022\/08\/COUV-ART-DFS-1-300x169.png 300w, https:\/\/ladenkfabrik.eu\/wp-content\/uploads\/2022\/08\/COUV-ART-DFS-1-1024x576.png 1024w, https:\/\/ladenkfabrik.eu\/wp-content\/uploads\/2022\/08\/COUV-ART-DFS-1-768x432.png 768w, https:\/\/ladenkfabrik.eu\/wp-content\/uploads\/2022\/08\/COUV-ART-DFS-1-1536x864.png 1536w\" sizes=\"(max-width: 1920px) 100vw, 1920px\" \/>\t\t\t\t\t\t\t\t<\/a>\n\t\t\t\t\t\t\t\t\t\t\t\t\t\t\t<\/div>\n\t\t\t\t<\/div>\n\t\t\t\t\t<\/div>\n\t\t<\/div>\n\t\t\t\t<div class=\"elementor-column elementor-col-50 elementor-inner-column elementor-element elementor-element-1af3e37\" data-id=\"1af3e37\" data-element_type=\"column\" data-e-type=\"column\">\n\t\t\t<div class=\"elementor-widget-wrap elementor-element-populated\">\n\t\t\t\t\t\t<div class=\"elementor-element elementor-element-7e7dbc5c elementor-widget elementor-widget-heading\" data-id=\"7e7dbc5c\" data-element_type=\"widget\" data-e-type=\"widget\" data-widget_type=\"heading.default\">\n\t\t\t\t<div class=\"elementor-widget-container\">\n\t\t\t\t\t<h2 class=\"elementor-heading-title elementor-size-default\"><a href=\"https:\/\/ladenkfabrik.eu\/fr\/publications\/#denkdefense\">DenkFabrik et les questions de d\u00e9fense : DenkD\u00e9fense<\/a><\/h2>\t\t\t\t<\/div>\n\t\t\t\t<\/div>\n\t\t\t\t<div class=\"elementor-element elementor-element-628d0421 elementor-widget elementor-widget-text-editor\" data-id=\"628d0421\" data-element_type=\"widget\" data-e-type=\"widget\" data-widget_type=\"text-editor.default\">\n\t\t\t\t<div class=\"elementor-widget-container\">\n\t\t\t\t\t\t\t\t\t<p>DenkD\u00e9fense, c&rsquo;est un projet port\u00e9 par plusieurs \u00e9tudiants int\u00e9r\u00e9ss\u00e9s par les enjeux de d\u00e9fense franco-allemande et d&rsquo;affaires \u00e9trang\u00e8res. Le sujet est brulant d&rsquo;actualit\u00e9. Ensemble et tour \u00e0 tour, ils publient des articles, concoivent des visuels pour les r\u00e9seaux sociaux et d\u00e9veloppent le projet. Joel coordonne le projet, alors \u00e9cris lui si tu veux rejoindre l&rsquo;\u00e9quipe! <a href=\"mailto:joel@ladenkfabrik.eu\">joel@ladenkfabrik.eu<\/a><\/p>\t\t\t\t\t\t\t\t<\/div>\n\t\t\t\t<\/div>\n\t\t\t\t\t<\/div>\n\t\t<\/div>\n\t\t\t\t\t<\/div>\n\t\t<\/section>\n\t\t\t\t<section class=\"elementor-section elementor-inner-section elementor-element elementor-element-0da3c8b elementor-section-boxed elementor-section-height-default elementor-section-height-default\" data-id=\"0da3c8b\" data-element_type=\"section\" data-e-type=\"section\">\n\t\t\t\t\t\t<div class=\"elementor-container elementor-column-gap-default\">\n\t\t\t\t\t<div class=\"elementor-column elementor-col-50 elementor-inner-column elementor-element elementor-element-4942d0e\" data-id=\"4942d0e\" data-element_type=\"column\" data-e-type=\"column\">\n\t\t\t<div class=\"elementor-widget-wrap elementor-element-populated\">\n\t\t\t\t\t\t<div class=\"elementor-element elementor-element-962c93a elementor-widget elementor-widget-image\" data-id=\"962c93a\" data-element_type=\"widget\" data-e-type=\"widget\" data-widget_type=\"image.default\">\n\t\t\t\t<div class=\"elementor-widget-container\">\n\t\t\t\t\t\t\t\t\t\t\t\t\t\t\t<img loading=\"lazy\" decoding=\"async\" width=\"1337\" height=\"597\" src=\"https:\/\/ladenkfabrik.eu\/wp-content\/uploads\/2023\/02\/logo-alt-e1618304208431.png\" class=\"attachment-full size-full wp-image-4729\" alt=\"\" srcset=\"https:\/\/ladenkfabrik.eu\/wp-content\/uploads\/2023\/02\/logo-alt-e1618304208431.png 1337w, https:\/\/ladenkfabrik.eu\/wp-content\/uploads\/2023\/02\/logo-alt-e1618304208431-300x134.png 300w, https:\/\/ladenkfabrik.eu\/wp-content\/uploads\/2023\/02\/logo-alt-e1618304208431-1024x457.png 1024w, https:\/\/ladenkfabrik.eu\/wp-content\/uploads\/2023\/02\/logo-alt-e1618304208431-768x343.png 768w\" sizes=\"(max-width: 1337px) 100vw, 1337px\" \/>\t\t\t\t\t\t\t\t\t\t\t\t\t\t\t<\/div>\n\t\t\t\t<\/div>\n\t\t\t\t\t<\/div>\n\t\t<\/div>\n\t\t\t\t<div class=\"elementor-column elementor-col-50 elementor-inner-column elementor-element elementor-element-ff02204\" data-id=\"ff02204\" data-element_type=\"column\" data-e-type=\"column\">\n\t\t\t<div class=\"elementor-widget-wrap elementor-element-populated\">\n\t\t\t\t\t\t<div class=\"elementor-element elementor-element-f650753 elementor-widget elementor-widget-heading\" data-id=\"f650753\" data-element_type=\"widget\" data-e-type=\"widget\" data-widget_type=\"heading.default\">\n\t\t\t\t<div class=\"elementor-widget-container\">\n\t\t\t\t\t<h2 class=\"elementor-heading-title elementor-size-default\">DenkFabrik et la culture: DenkKultur<\/h2>\t\t\t\t<\/div>\n\t\t\t\t<\/div>\n\t\t\t\t<div class=\"elementor-element elementor-element-8e6a1b0 elementor-widget elementor-widget-text-editor\" data-id=\"8e6a1b0\" data-element_type=\"widget\" data-e-type=\"widget\" data-widget_type=\"text-editor.default\">\n\t\t\t\t<div class=\"elementor-widget-container\">\n\t\t\t\t\t\t\t\t\t<p>DenkKultur, c\u2019est un projet qui est n\u00e9 de notre volont\u00e9 d\u2019etre une plateforme pour toutes celles et ceux qui, en France et en Allemagne, font l\u2019exp\u00e9rience de la culture de l\u2019autre. Etre un fran\u00e7ais a Berlin ou une francaise a Paris, c\u2019est explorer une culture diff\u00e9rente de la sienne, parfois croiser les deux. Musique, arts, cin\u00e9ma, livres\u00a0: Denkkultur fait une selection de tout cela et explore les champs culturels franco-allemands. Selections sous forme de publication instagram et desormais podcasts, Denkkultur est r\u00e9solument LE projet le plus cr\u00e9atif de la DenkFabrik.<\/p>\t\t\t\t\t\t\t\t<\/div>\n\t\t\t\t<\/div>\n\t\t\t\t\t<\/div>\n\t\t<\/div>\n\t\t\t\t\t<\/div>\n\t\t<\/section>\n\t\t\t\t<section class=\"elementor-section elementor-inner-section elementor-element elementor-element-d324d44 elementor-section-boxed elementor-section-height-default elementor-section-height-default\" data-id=\"d324d44\" data-element_type=\"section\" data-e-type=\"section\">\n\t\t\t\t\t\t<div class=\"elementor-container elementor-column-gap-default\">\n\t\t\t\t\t<div class=\"elementor-column elementor-col-50 elementor-inner-column elementor-element elementor-element-123de20\" data-id=\"123de20\" data-element_type=\"column\" data-e-type=\"column\">\n\t\t\t<div class=\"elementor-widget-wrap elementor-element-populated\">\n\t\t\t\t\t\t<div class=\"elementor-element elementor-element-c8992e8 elementor-widget elementor-widget-image\" data-id=\"c8992e8\" data-element_type=\"widget\" data-e-type=\"widget\" data-widget_type=\"image.default\">\n\t\t\t\t<div class=\"elementor-widget-container\">\n\t\t\t\t\t\t\t\t\t\t\t\t\t\t\t<img loading=\"lazy\" decoding=\"async\" width=\"1920\" height=\"1080\" src=\"https:\/\/ladenkfabrik.eu\/wp-content\/uploads\/2023\/03\/untitled.jpg\" class=\"attachment-full size-full wp-image-5192\" alt=\"\" srcset=\"https:\/\/ladenkfabrik.eu\/wp-content\/uploads\/2023\/03\/untitled.jpg 1920w, https:\/\/ladenkfabrik.eu\/wp-content\/uploads\/2023\/03\/untitled-300x169.jpg 300w, https:\/\/ladenkfabrik.eu\/wp-content\/uploads\/2023\/03\/untitled-1024x576.jpg 1024w, https:\/\/ladenkfabrik.eu\/wp-content\/uploads\/2023\/03\/untitled-768x432.jpg 768w, https:\/\/ladenkfabrik.eu\/wp-content\/uploads\/2023\/03\/untitled-1536x864.jpg 1536w, https:\/\/ladenkfabrik.eu\/wp-content\/uploads\/2023\/03\/untitled-18x10.jpg 18w\" sizes=\"(max-width: 1920px) 100vw, 1920px\" \/>\t\t\t\t\t\t\t\t\t\t\t\t\t\t\t<\/div>\n\t\t\t\t<\/div>\n\t\t\t\t\t<\/div>\n\t\t<\/div>\n\t\t\t\t<div class=\"elementor-column elementor-col-50 elementor-inner-column elementor-element elementor-element-075eb10\" data-id=\"075eb10\" data-element_type=\"column\" data-e-type=\"column\">\n\t\t\t<div class=\"elementor-widget-wrap elementor-element-populated\">\n\t\t\t\t\t\t<div class=\"elementor-element elementor-element-5dfeeb2 elementor-widget elementor-widget-heading\" data-id=\"5dfeeb2\" data-element_type=\"widget\" data-e-type=\"widget\" data-widget_type=\"heading.default\">\n\t\t\t\t<div class=\"elementor-widget-container\">\n\t\t\t\t\t<h2 class=\"elementor-heading-title elementor-size-default\">Un endroit pour le d\u00e9bat \u00e9tudiant franco-allemand : Conversations am Rhein<\/h2>\t\t\t\t<\/div>\n\t\t\t\t<\/div>\n\t\t\t\t<div class=\"elementor-element elementor-element-76e0c05 elementor-widget elementor-widget-text-editor\" data-id=\"76e0c05\" data-element_type=\"widget\" data-e-type=\"widget\" data-widget_type=\"text-editor.default\">\n\t\t\t\t<div class=\"elementor-widget-container\">\n\t\t\t\t\t\t\t\t\t<p>Conversations am Rhein est un projet localis\u00e9 \u00e0 Cologne sur les bords du Rhin pour explorer les th\u00e9matiques d\u2019actualit\u00e9 franco-allemandes. Innaugur\u00e9 par un premier num\u00e9ro en mai 2021, Conversations am Rhein est un \u00e9v\u00e8nement ponctuel, organis\u00e9 en collaboration avec l\u2019Institut Fran\u00e7ais de Cologne, le soutien de VillaFrance et de l\u2019OFAJ, pour permettre aux \u00e9tudiants de venir d\u00e9battre, avec des experts, sur une th\u00e9matique particuli\u00e8re. Professeurs, journalistes, chercheurs, ils impulsent la discussion et rebondissent sur les questions des \u00e9tudiants pour susciter le d\u00e9bat.<\/p><p>Conversations am Rhein est un rendez-vous de r\u00e9flexion confrontant les perspectives franco-allemandes et europ\u00e9ennes.<\/p>\t\t\t\t\t\t\t\t<\/div>\n\t\t\t\t<\/div>\n\t\t\t\t\t<\/div>\n\t\t<\/div>\n\t\t\t\t\t<\/div>\n\t\t<\/section>\n\t\t\t\t\t<\/div>\n\t\t<\/div>\n\t\t\t\t\t<\/div>\n\t\t<\/section>\n\t\t\t\t<\/div>\n\t\t","protected":false},"excerpt":{"rendered":"<p>Nos Projets La DenkFabrik, c&rsquo;est d&rsquo;abord une aventure cr\u00e9ative. D\u00e9bats, questions de soci\u00e9t\u00e9, d\u00e9fense, culture, \u00e9nergie : DenkFabrik, c&rsquo;est d\u00e9j\u00e0 plus d&rsquo;une dizaine de projets et autant d&rsquo;\u00e9quipes qui planchent sur des articles, organisent des \u00e9v\u00e8nements, con\u00e7oivent des projets digitaux. DenkDefense, DenkKultur, DenkMit, DenkStory mais aussi conversations am Rhein, Kapsule, on te dit tout sur [&hellip;]<\/p>\n","protected":false},"author":1,"featured_media":0,"parent":0,"menu_order":0,"comment_status":"closed","ping_status":"closed","template":"","meta":{"footnotes":""},"class_list":["post-5229","page","type-page","status-publish","hentry"],"_links":{"self":[{"href":"https:\/\/ladenkfabrik.eu\/fr\/wp-json\/wp\/v2\/pages\/5229","targetHints":{"allow":["GET"]}}],"collection":[{"href":"https:\/\/ladenkfabrik.eu\/fr\/wp-json\/wp\/v2\/pages"}],"about":[{"href":"https:\/\/ladenkfabrik.eu\/fr\/wp-json\/wp\/v2\/types\/page"}],"author":[{"embeddable":true,"href":"https:\/\/ladenkfabrik.eu\/fr\/wp-json\/wp\/v2\/users\/1"}],"replies":[{"embeddable":true,"href":"https:\/\/ladenkfabrik.eu\/fr\/wp-json\/wp\/v2\/comments?post=5229"}],"version-history":[{"count":0,"href":"https:\/\/ladenkfabrik.eu\/fr\/wp-json\/wp\/v2\/pages\/5229\/revisions"}],"wp:attachment":[{"href":"https:\/\/ladenkfabrik.eu\/fr\/wp-json\/wp\/v2\/media?parent=5229"}],"curies":[{"name":"wp","href":"https:\/\/api.w.org\/{rel}","templated":true}]}}