{"id":5717,"date":"2023-03-25T17:24:19","date_gmt":"2023-03-25T17:24:19","guid":{"rendered":"https:\/\/ladenkfabrik-dev.eu\/?page_id=5717"},"modified":"2025-05-22T15:37:54","modified_gmt":"2025-05-22T15:37:54","slug":"mentions-legales","status":"publish","type":"page","link":"https:\/\/ladenkfabrik.eu\/de\/mentions-legales\/","title":{"rendered":"Mentions L\u00e9gales"},"content":{"rendered":"<div data-elementor-type=\"wp-page\" data-elementor-id=\"5717\" class=\"elementor elementor-5717\" data-elementor-post-type=\"page\">\n\t\t\t\t\t\t<section class=\"elementor-section elementor-top-section elementor-element elementor-element-ef8e7b7 elementor-section-boxed elementor-section-height-default elementor-section-height-default\" data-id=\"ef8e7b7\" data-element_type=\"section\" data-e-type=\"section\">\n\t\t\t\t\t\t<div class=\"elementor-container elementor-column-gap-default\">\n\t\t\t\t\t<div class=\"elementor-column elementor-col-100 elementor-top-column elementor-element elementor-element-e84a257\" data-id=\"e84a257\" data-element_type=\"column\" data-e-type=\"column\">\n\t\t\t<div class=\"elementor-widget-wrap elementor-element-populated\">\n\t\t\t\t\t\t<div class=\"elementor-element elementor-element-dde7d7b elementor-widget elementor-widget-heading\" data-id=\"dde7d7b\" data-element_type=\"widget\" data-e-type=\"widget\" data-widget_type=\"heading.default\">\n\t\t\t\t<div class=\"elementor-widget-container\">\n\t\t\t\t\t<h2 class=\"elementor-heading-title elementor-size-default\">Impressum<\/h2>\t\t\t\t<\/div>\n\t\t\t\t<\/div>\n\t\t\t\t<div class=\"elementor-element elementor-element-828a4f6 elementor-widget elementor-widget-text-editor\" data-id=\"828a4f6\" data-element_type=\"widget\" data-e-type=\"widget\" data-widget_type=\"text-editor.default\">\n\t\t\t\t<div class=\"elementor-widget-container\">\n\t\t\t\t\t\t\t\t\t<p><strong>Impressum gem\u00e4\u00df \u00a7 18 MStV i.V.m. \u00a7 5 TMG<\/strong><\/p><p>La DenkFabrik e.V.<br \/>Linienstr. 225a<br \/>10178 Berlin<br \/>Deutschland<\/p><p>legal@ladenkfabrik.eu<br \/>+49 162 518 20 36<\/p><p><strong>Vereinsregister<\/strong><br \/>Registernummer: VR 20850<br \/>Registergericht: Amtsgericht K\u00f6ln<\/p><p><strong>Vertretungsberechtigte Personen<br \/><\/strong>Leandra Vi\u00e8l, Pr\u00e4sidentin<br \/>Adrien Becker, Vertreter in Deutschland<\/p>\t\t\t\t\t\t\t\t<\/div>\n\t\t\t\t<\/div>\n\t\t\t\t\t<\/div>\n\t\t<\/div>\n\t\t\t\t\t<\/div>\n\t\t<\/section>\n\t\t\t\t<\/div>","protected":false},"excerpt":{"rendered":"<p>Mentions l\u00e9gales H\u00e9bergeur La DenkFabrik e.V.Linienstr. 225a10178 BerlinAllemagne legal@ladenkfabrik.eu+49 162 518 20 36 Registre allemand des associationsNume\u0301ro d\u2019immatriculation: VR 20850Tribunal charg\u00e9 du registre: Amtsgericht Ko\u0308ln Repre\u0301sentants de l\u2019associationLeandra Vi\u00e8l, Pr\u00e9sidenteAdrien Becker, Repr\u00e9sentant en Allemagne<\/p>","protected":false},"author":1,"featured_media":0,"parent":0,"menu_order":0,"comment_status":"closed","ping_status":"closed","template":"","meta":{"footnotes":""},"class_list":["post-5717","page","type-page","status-publish","hentry"],"_links":{"self":[{"href":"https:\/\/ladenkfabrik.eu\/de\/wp-json\/wp\/v2\/pages\/5717","targetHints":{"allow":["GET"]}}],"collection":[{"href":"https:\/\/ladenkfabrik.eu\/de\/wp-json\/wp\/v2\/pages"}],"about":[{"href":"https:\/\/ladenkfabrik.eu\/de\/wp-json\/wp\/v2\/types\/page"}],"author":[{"embeddable":true,"href":"https:\/\/ladenkfabrik.eu\/de\/wp-json\/wp\/v2\/users\/1"}],"replies":[{"embeddable":true,"href":"https:\/\/ladenkfabrik.eu\/de\/wp-json\/wp\/v2\/comments?post=5717"}],"version-history":[{"count":3,"href":"https:\/\/ladenkfabrik.eu\/de\/wp-json\/wp\/v2\/pages\/5717\/revisions"}],"predecessor-version":[{"id":7058,"href":"https:\/\/ladenkfabrik.eu\/de\/wp-json\/wp\/v2\/pages\/5717\/revisions\/7058"}],"wp:attachment":[{"href":"https:\/\/ladenkfabrik.eu\/de\/wp-json\/wp\/v2\/media?parent=5717"}],"curies":[{"name":"wp","href":"https:\/\/api.w.org\/{rel}","templated":true}]}}