{"id":5229,"date":"2023-03-10T09:57:44","date_gmt":"2023-03-10T09:57:44","guid":{"rendered":"https:\/\/ladenkfabrik-dev.eu\/?page_id=5229"},"modified":"2023-06-02T12:24:13","modified_gmt":"2023-06-02T12:24:13","slug":"projets","status":"publish","type":"page","link":"https:\/\/ladenkfabrik.eu\/de\/projets\/","title":{"rendered":"Projekte"},"content":{"rendered":"<div data-elementor-type=\"wp-page\" data-elementor-id=\"5229\" class=\"elementor elementor-5229\" data-elementor-post-type=\"page\">\n\t\t\t\t\t\t<section class=\"elementor-section elementor-top-section elementor-element elementor-element-3772a3e2 elementor-section-boxed elementor-section-height-default elementor-section-height-default\" data-id=\"3772a3e2\" data-element_type=\"section\" data-e-type=\"section\">\n\t\t\t\t\t\t<div class=\"elementor-container elementor-column-gap-default\">\n\t\t\t\t\t<div class=\"elementor-column elementor-col-100 elementor-top-column elementor-element elementor-element-2ce32409\" data-id=\"2ce32409\" data-element_type=\"column\" data-e-type=\"column\">\n\t\t\t<div class=\"elementor-widget-wrap elementor-element-populated\">\n\t\t\t\t\t\t<div class=\"elementor-element elementor-element-464b3531 elementor-widget elementor-widget-heading\" data-id=\"464b3531\" data-element_type=\"widget\" data-e-type=\"widget\" data-widget_type=\"heading.default\">\n\t\t\t\t<div class=\"elementor-widget-container\">\n\t\t\t\t\t<h2 class=\"elementor-heading-title elementor-size-default\">Unsere Projekte<\/h2>\t\t\t\t<\/div>\n\t\t\t\t<\/div>\n\t\t\t\t<div class=\"elementor-element elementor-element-1ec8d4cb elementor-widget elementor-widget-text-editor\" data-id=\"1ec8d4cb\" data-element_type=\"widget\" data-e-type=\"widget\" data-widget_type=\"text-editor.default\">\n\t\t\t\t<div class=\"elementor-widget-container\">\n\t\t\t\t\t\t\t\t\t<p>DenkFabrik ist in erster Linie ein kreatives Abenteuer. Debatten, gesellschaftliche Fragen, Verteidigung, Kultur, Energie. DenkFabrik, das sind bereits mehr als ein Dutzend Projekte und ebenso viele Teams, die an Artikeln arbeiten, Veranstaltungen organisieren und digitale Projekte entwerfen.<\/p>\n<p>DenkDefense, DenkKultur, DenkMit, DenkStory aber auch Conversations am Rhein und Kapsule, wir erz\u00e4hlen dir alles \u00fcber unsere Projekte.<\/p>\t\t\t\t\t\t\t\t<\/div>\n\t\t\t\t<\/div>\n\t\t\t\t<section class=\"elementor-section elementor-inner-section elementor-element elementor-element-674c0ae elementor-section-boxed elementor-section-height-default elementor-section-height-default\" data-id=\"674c0ae\" data-element_type=\"section\" data-e-type=\"section\">\n\t\t\t\t\t\t<div class=\"elementor-container elementor-column-gap-default\">\n\t\t\t\t\t<div class=\"elementor-column elementor-col-50 elementor-inner-column elementor-element elementor-element-49e3022\" data-id=\"49e3022\" data-element_type=\"column\" data-e-type=\"column\">\n\t\t\t<div class=\"elementor-widget-wrap elementor-element-populated\">\n\t\t\t\t\t\t<div class=\"elementor-element elementor-element-a825370 elementor-widget elementor-widget-image\" data-id=\"a825370\" data-element_type=\"widget\" data-e-type=\"widget\" data-widget_type=\"image.default\">\n\t\t\t\t<div class=\"elementor-widget-container\">\n\t\t\t\t\t\t\t\t\t\t\t\t\t\t\t\t<a href=\"https:\/\/ladenkfabrik.eu\/de\/publications\/denkmit\/\">\n\t\t\t\t\t\t\t<img fetchpriority=\"high\" decoding=\"async\" width=\"1920\" height=\"1080\" src=\"https:\/\/ladenkfabrik.eu\/wp-content\/uploads\/2023\/02\/DM_1.png\" class=\"attachment-full size-full wp-image-335\" alt=\"\" srcset=\"https:\/\/ladenkfabrik.eu\/wp-content\/uploads\/2023\/02\/DM_1.png 1920w, https:\/\/ladenkfabrik.eu\/wp-content\/uploads\/2023\/02\/DM_1-300x169.png 300w, https:\/\/ladenkfabrik.eu\/wp-content\/uploads\/2023\/02\/DM_1-1024x576.png 1024w, https:\/\/ladenkfabrik.eu\/wp-content\/uploads\/2023\/02\/DM_1-768x432.png 768w, https:\/\/ladenkfabrik.eu\/wp-content\/uploads\/2023\/02\/DM_1-1536x864.png 1536w\" sizes=\"(max-width: 1920px) 100vw, 1920px\" \/>\t\t\t\t\t\t\t\t<\/a>\n\t\t\t\t\t\t\t\t\t\t\t\t\t\t\t<\/div>\n\t\t\t\t<\/div>\n\t\t\t\t\t<\/div>\n\t\t<\/div>\n\t\t\t\t<div class=\"elementor-column elementor-col-50 elementor-inner-column elementor-element elementor-element-c4b7644\" data-id=\"c4b7644\" data-element_type=\"column\" data-e-type=\"column\">\n\t\t\t<div class=\"elementor-widget-wrap elementor-element-populated\">\n\t\t\t\t\t\t<div class=\"elementor-element elementor-element-d928cf6 elementor-widget elementor-widget-heading\" data-id=\"d928cf6\" data-element_type=\"widget\" data-e-type=\"widget\" data-widget_type=\"heading.default\">\n\t\t\t\t<div class=\"elementor-widget-container\">\n\t\t\t\t\t<h2 class=\"elementor-heading-title elementor-size-default\"><a href=\"https:\/\/ladenkfabrik.eu\/de\/publications\/denkmit\/\">DenkMit: Ein junger Impuls f\u00fcr die deutsch-franz\u00f6sische Jugend<\/a><\/h2>\t\t\t\t<\/div>\n\t\t\t\t<\/div>\n\t\t\t\t<div class=\"elementor-element elementor-element-f95501c elementor-widget elementor-widget-text-editor\" data-id=\"f95501c\" data-element_type=\"widget\" data-e-type=\"widget\" data-widget_type=\"text-editor.default\">\n\t\t\t\t<div class=\"elementor-widget-container\">\n\t\t\t\t\t\t\t\t\t<p>DenkMit, ist eine Befragung, die sich an Studenten richtet, um ihre Sicht des Deutsch-Franz\u00f6sischen heutzutage zu erfragen. Schulzeit, Studium, Austausch, neue Ideen: Die daraus hervorgegangenen Ideen sind eine Fundgrube f\u00fcr Vorschl\u00e4ge, um gemeinsam und konkret ein offeneres, inklusiveres und innovativeres Deutsch-Franz\u00f6sisch aufzubauen.<\/p>\t\t\t\t\t\t\t\t<\/div>\n\t\t\t\t<\/div>\n\t\t\t\t\t<\/div>\n\t\t<\/div>\n\t\t\t\t\t<\/div>\n\t\t<\/section>\n\t\t\t\t<section class=\"elementor-section elementor-inner-section elementor-element elementor-element-f17783d elementor-section-boxed elementor-section-height-default elementor-section-height-default\" data-id=\"f17783d\" data-element_type=\"section\" data-e-type=\"section\">\n\t\t\t\t\t\t<div class=\"elementor-container elementor-column-gap-default\">\n\t\t\t\t\t<div class=\"elementor-column elementor-col-50 elementor-inner-column elementor-element elementor-element-e5c751b\" data-id=\"e5c751b\" data-element_type=\"column\" data-e-type=\"column\">\n\t\t\t<div class=\"elementor-widget-wrap elementor-element-populated\">\n\t\t\t\t\t\t<div class=\"elementor-element elementor-element-9c690f1 elementor-widget elementor-widget-image\" data-id=\"9c690f1\" data-element_type=\"widget\" data-e-type=\"widget\" data-widget_type=\"image.default\">\n\t\t\t\t<div class=\"elementor-widget-container\">\n\t\t\t\t\t\t\t\t\t\t\t\t\t\t\t\t<a href=\"https:\/\/ladenkfabrik.eu\/de\/projekte\/dimancheeu\/\">\n\t\t\t\t\t\t\t<img decoding=\"async\" width=\"1009\" height=\"378\" src=\"https:\/\/ladenkfabrik.eu\/wp-content\/uploads\/2023\/05\/logo-dimanchEU-e1620592507975.png\" class=\"attachment-full size-full wp-image-6101\" alt=\"\" srcset=\"https:\/\/ladenkfabrik.eu\/wp-content\/uploads\/2023\/05\/logo-dimanchEU-e1620592507975.png 1009w, https:\/\/ladenkfabrik.eu\/wp-content\/uploads\/2023\/05\/logo-dimanchEU-e1620592507975-300x112.png 300w, https:\/\/ladenkfabrik.eu\/wp-content\/uploads\/2023\/05\/logo-dimanchEU-e1620592507975-768x288.png 768w, https:\/\/ladenkfabrik.eu\/wp-content\/uploads\/2023\/05\/logo-dimanchEU-e1620592507975-18x7.png 18w\" sizes=\"(max-width: 1009px) 100vw, 1009px\" \/>\t\t\t\t\t\t\t\t<\/a>\n\t\t\t\t\t\t\t\t\t\t\t\t\t\t\t<\/div>\n\t\t\t\t<\/div>\n\t\t\t\t\t<\/div>\n\t\t<\/div>\n\t\t\t\t<div class=\"elementor-column elementor-col-50 elementor-inner-column elementor-element elementor-element-5b13404\" data-id=\"5b13404\" data-element_type=\"column\" data-e-type=\"column\">\n\t\t\t<div class=\"elementor-widget-wrap elementor-element-populated\">\n\t\t\t\t\t\t<div class=\"elementor-element elementor-element-dc50ce3 elementor-widget elementor-widget-heading\" data-id=\"dc50ce3\" data-element_type=\"widget\" data-e-type=\"widget\" data-widget_type=\"heading.default\">\n\t\t\t\t<div class=\"elementor-widget-container\">\n\t\t\t\t\t<h2 class=\"elementor-heading-title elementor-size-default\"><a href=\"https:\/\/ladenkfabrik.eu\/de\/projekte\/dimancheeu\/\">DimanchEU<\/a><\/h2>\t\t\t\t<\/div>\n\t\t\t\t<\/div>\n\t\t\t\t<div class=\"elementor-element elementor-element-42352d8 elementor-widget elementor-widget-text-editor\" data-id=\"42352d8\" data-element_type=\"widget\" data-e-type=\"widget\" data-widget_type=\"text-editor.default\">\n\t\t\t\t<div class=\"elementor-widget-container\">\n\t\t\t\t\t\t\t\t\t<p>Au\u00dfergew\u00f6hnliche Debatten und Interviews zum Europatag von der DenkFabrik und dem Centre Mondial de la Paix et des Droits de l'Homme in Verdun.<\/p>\t\t\t\t\t\t\t\t<\/div>\n\t\t\t\t<\/div>\n\t\t\t\t\t<\/div>\n\t\t<\/div>\n\t\t\t\t\t<\/div>\n\t\t<\/section>\n\t\t\t\t<section class=\"elementor-section elementor-inner-section elementor-element elementor-element-51c37083 elementor-section-boxed elementor-section-height-default elementor-section-height-default\" data-id=\"51c37083\" data-element_type=\"section\" data-e-type=\"section\">\n\t\t\t\t\t\t<div class=\"elementor-container elementor-column-gap-default\">\n\t\t\t\t\t<div class=\"elementor-column elementor-col-50 elementor-inner-column elementor-element elementor-element-2a1c9985\" data-id=\"2a1c9985\" data-element_type=\"column\" data-e-type=\"column\">\n\t\t\t<div class=\"elementor-widget-wrap elementor-element-populated\">\n\t\t\t\t\t\t<div class=\"elementor-element elementor-element-e13c4cc elementor-widget elementor-widget-image\" data-id=\"e13c4cc\" data-element_type=\"widget\" data-e-type=\"widget\" data-widget_type=\"image.default\">\n\t\t\t\t<div class=\"elementor-widget-container\">\n\t\t\t\t\t\t\t\t\t\t\t\t\t\t\t\t<a href=\"https:\/\/ladenkfabrik.eu\/de\/publications\/#denkdefense\">\n\t\t\t\t\t\t\t<img decoding=\"async\" width=\"1920\" height=\"1080\" src=\"https:\/\/ladenkfabrik.eu\/wp-content\/uploads\/2022\/08\/COUV-ART-DFS-1.png\" class=\"attachment-full size-full wp-image-4317\" alt=\"\" srcset=\"https:\/\/ladenkfabrik.eu\/wp-content\/uploads\/2022\/08\/COUV-ART-DFS-1.png 1920w, https:\/\/ladenkfabrik.eu\/wp-content\/uploads\/2022\/08\/COUV-ART-DFS-1-300x169.png 300w, https:\/\/ladenkfabrik.eu\/wp-content\/uploads\/2022\/08\/COUV-ART-DFS-1-1024x576.png 1024w, https:\/\/ladenkfabrik.eu\/wp-content\/uploads\/2022\/08\/COUV-ART-DFS-1-768x432.png 768w, https:\/\/ladenkfabrik.eu\/wp-content\/uploads\/2022\/08\/COUV-ART-DFS-1-1536x864.png 1536w\" sizes=\"(max-width: 1920px) 100vw, 1920px\" \/>\t\t\t\t\t\t\t\t<\/a>\n\t\t\t\t\t\t\t\t\t\t\t\t\t\t\t<\/div>\n\t\t\t\t<\/div>\n\t\t\t\t\t<\/div>\n\t\t<\/div>\n\t\t\t\t<div class=\"elementor-column elementor-col-50 elementor-inner-column elementor-element elementor-element-1af3e37\" data-id=\"1af3e37\" data-element_type=\"column\" data-e-type=\"column\">\n\t\t\t<div class=\"elementor-widget-wrap elementor-element-populated\">\n\t\t\t\t\t\t<div class=\"elementor-element elementor-element-7e7dbc5c elementor-widget elementor-widget-heading\" data-id=\"7e7dbc5c\" data-element_type=\"widget\" data-e-type=\"widget\" data-widget_type=\"heading.default\">\n\t\t\t\t<div class=\"elementor-widget-container\">\n\t\t\t\t\t<h2 class=\"elementor-heading-title elementor-size-default\"><a href=\"https:\/\/ladenkfabrik.eu\/de\/publications\/#denkdefense\">DenkFabrik und Verteidigungsfragen: DenkD\u00e9fense<\/a><\/h2>\t\t\t\t<\/div>\n\t\t\t\t<\/div>\n\t\t\t\t<div class=\"elementor-element elementor-element-628d0421 elementor-widget elementor-widget-text-editor\" data-id=\"628d0421\" data-element_type=\"widget\" data-e-type=\"widget\" data-widget_type=\"text-editor.default\">\n\t\t\t\t<div class=\"elementor-widget-container\">\n\t\t\t\t\t\t\t\t\t<p>DenkD\u00e9fense ist ein Projekt, das von mehreren Studenten getragen wird, die sich f\u00fcr die deutsch-franz\u00f6sische Verteidigung und die Au\u00dfenpolitik interessieren. Das Thema ist brandaktuell. Gemeinsam und abwechselnd ver\u00f6ffentlichen sie Artikel, entwerfen Bilder f\u00fcr soziale Netzwerke und entwickeln das Projekt weiter. Joel koordiniert das Projekt, also schreibe ihm, wenn du dich dem Team anschlie\u00dfen m\u00f6chtest! <a href=\"mailto:joel@ladenkfabrik.eu\">joel@ladenkfabrik.eu<\/a><\/p>\t\t\t\t\t\t\t\t<\/div>\n\t\t\t\t<\/div>\n\t\t\t\t\t<\/div>\n\t\t<\/div>\n\t\t\t\t\t<\/div>\n\t\t<\/section>\n\t\t\t\t<section class=\"elementor-section elementor-inner-section elementor-element elementor-element-0da3c8b elementor-section-boxed elementor-section-height-default elementor-section-height-default\" data-id=\"0da3c8b\" data-element_type=\"section\" data-e-type=\"section\">\n\t\t\t\t\t\t<div class=\"elementor-container elementor-column-gap-default\">\n\t\t\t\t\t<div class=\"elementor-column elementor-col-50 elementor-inner-column elementor-element elementor-element-4942d0e\" data-id=\"4942d0e\" data-element_type=\"column\" data-e-type=\"column\">\n\t\t\t<div class=\"elementor-widget-wrap elementor-element-populated\">\n\t\t\t\t\t\t<div class=\"elementor-element elementor-element-962c93a elementor-widget elementor-widget-image\" data-id=\"962c93a\" data-element_type=\"widget\" data-e-type=\"widget\" data-widget_type=\"image.default\">\n\t\t\t\t<div class=\"elementor-widget-container\">\n\t\t\t\t\t\t\t\t\t\t\t\t\t\t\t<img loading=\"lazy\" decoding=\"async\" width=\"1337\" height=\"597\" src=\"https:\/\/ladenkfabrik.eu\/wp-content\/uploads\/2023\/02\/logo-alt-e1618304208431.png\" class=\"attachment-full size-full wp-image-4729\" alt=\"\" srcset=\"https:\/\/ladenkfabrik.eu\/wp-content\/uploads\/2023\/02\/logo-alt-e1618304208431.png 1337w, https:\/\/ladenkfabrik.eu\/wp-content\/uploads\/2023\/02\/logo-alt-e1618304208431-300x134.png 300w, https:\/\/ladenkfabrik.eu\/wp-content\/uploads\/2023\/02\/logo-alt-e1618304208431-1024x457.png 1024w, https:\/\/ladenkfabrik.eu\/wp-content\/uploads\/2023\/02\/logo-alt-e1618304208431-768x343.png 768w\" sizes=\"(max-width: 1337px) 100vw, 1337px\" \/>\t\t\t\t\t\t\t\t\t\t\t\t\t\t\t<\/div>\n\t\t\t\t<\/div>\n\t\t\t\t\t<\/div>\n\t\t<\/div>\n\t\t\t\t<div class=\"elementor-column elementor-col-50 elementor-inner-column elementor-element elementor-element-ff02204\" data-id=\"ff02204\" data-element_type=\"column\" data-e-type=\"column\">\n\t\t\t<div class=\"elementor-widget-wrap elementor-element-populated\">\n\t\t\t\t\t\t<div class=\"elementor-element elementor-element-f650753 elementor-widget elementor-widget-heading\" data-id=\"f650753\" data-element_type=\"widget\" data-e-type=\"widget\" data-widget_type=\"heading.default\">\n\t\t\t\t<div class=\"elementor-widget-container\">\n\t\t\t\t\t<h2 class=\"elementor-heading-title elementor-size-default\">DenkFabrik und Kultur: DenkKultur<\/h2>\t\t\t\t<\/div>\n\t\t\t\t<\/div>\n\t\t\t\t<div class=\"elementor-element elementor-element-8e6a1b0 elementor-widget elementor-widget-text-editor\" data-id=\"8e6a1b0\" data-element_type=\"widget\" data-e-type=\"widget\" data-widget_type=\"text-editor.default\">\n\t\t\t\t<div class=\"elementor-widget-container\">\n\t\t\t\t\t\t\t\t\t<p>DenkKultur ist ein Projekt, das aus unserem Wunsch heraus entstanden ist, eine Plattform f\u00fcr all diejenigen zu sein, die in Deutschland und Frankreich die Kultur des anderen erleben. Ein Franzose in Berlin oder eine Franz\u00f6sin in Paris zu sein, bedeutet, eine Kultur zu erkunden, die sich von der eigenen unterscheidet, und manchmal beide zu kreuzen. Musik, Kunst, Kino, B\u00fccher: Denkkultur trifft eine Auswahl aus all dem und erkundet die deutsch-franz\u00f6sischen Kulturfelder. Denkkultur ist das kreativste Projekt der DenkFabrik und wird als Instagram-Posting und Podcast ver\u00f6ffentlicht.<\/p>\t\t\t\t\t\t\t\t<\/div>\n\t\t\t\t<\/div>\n\t\t\t\t\t<\/div>\n\t\t<\/div>\n\t\t\t\t\t<\/div>\n\t\t<\/section>\n\t\t\t\t<section class=\"elementor-section elementor-inner-section elementor-element elementor-element-d324d44 elementor-section-boxed elementor-section-height-default elementor-section-height-default\" data-id=\"d324d44\" data-element_type=\"section\" data-e-type=\"section\">\n\t\t\t\t\t\t<div class=\"elementor-container elementor-column-gap-default\">\n\t\t\t\t\t<div class=\"elementor-column elementor-col-50 elementor-inner-column elementor-element elementor-element-123de20\" data-id=\"123de20\" data-element_type=\"column\" data-e-type=\"column\">\n\t\t\t<div class=\"elementor-widget-wrap elementor-element-populated\">\n\t\t\t\t\t\t<div class=\"elementor-element elementor-element-c8992e8 elementor-widget elementor-widget-image\" data-id=\"c8992e8\" data-element_type=\"widget\" data-e-type=\"widget\" data-widget_type=\"image.default\">\n\t\t\t\t<div class=\"elementor-widget-container\">\n\t\t\t\t\t\t\t\t\t\t\t\t\t\t\t<img loading=\"lazy\" decoding=\"async\" width=\"1920\" height=\"1080\" src=\"https:\/\/ladenkfabrik.eu\/wp-content\/uploads\/2023\/03\/untitled.jpg\" class=\"attachment-full size-full wp-image-5192\" alt=\"\" srcset=\"https:\/\/ladenkfabrik.eu\/wp-content\/uploads\/2023\/03\/untitled.jpg 1920w, https:\/\/ladenkfabrik.eu\/wp-content\/uploads\/2023\/03\/untitled-300x169.jpg 300w, https:\/\/ladenkfabrik.eu\/wp-content\/uploads\/2023\/03\/untitled-1024x576.jpg 1024w, https:\/\/ladenkfabrik.eu\/wp-content\/uploads\/2023\/03\/untitled-768x432.jpg 768w, https:\/\/ladenkfabrik.eu\/wp-content\/uploads\/2023\/03\/untitled-1536x864.jpg 1536w, https:\/\/ladenkfabrik.eu\/wp-content\/uploads\/2023\/03\/untitled-18x10.jpg 18w\" sizes=\"(max-width: 1920px) 100vw, 1920px\" \/>\t\t\t\t\t\t\t\t\t\t\t\t\t\t\t<\/div>\n\t\t\t\t<\/div>\n\t\t\t\t\t<\/div>\n\t\t<\/div>\n\t\t\t\t<div class=\"elementor-column elementor-col-50 elementor-inner-column elementor-element elementor-element-075eb10\" data-id=\"075eb10\" data-element_type=\"column\" data-e-type=\"column\">\n\t\t\t<div class=\"elementor-widget-wrap elementor-element-populated\">\n\t\t\t\t\t\t<div class=\"elementor-element elementor-element-5dfeeb2 elementor-widget elementor-widget-heading\" data-id=\"5dfeeb2\" data-element_type=\"widget\" data-e-type=\"widget\" data-widget_type=\"heading.default\">\n\t\t\t\t<div class=\"elementor-widget-container\">\n\t\t\t\t\t<h2 class=\"elementor-heading-title elementor-size-default\">Ein Ort f\u00fcr die deutsch-franz\u00f6sische Studentendebatte: Conversations am Rhein<\/h2>\t\t\t\t<\/div>\n\t\t\t\t<\/div>\n\t\t\t\t<div class=\"elementor-element elementor-element-76e0c05 elementor-widget elementor-widget-text-editor\" data-id=\"76e0c05\" data-element_type=\"widget\" data-e-type=\"widget\" data-widget_type=\"text-editor.default\">\n\t\t\t\t<div class=\"elementor-widget-container\">\n\t\t\t\t\t\t\t\t\t<p>Conversations am Rhein ist ein Projekt, welches in K\u00f6ln am Rheinufer angesiedelt ist, um aktuelle deutsch-franz\u00f6sische Themen zu erforschen. Conversations am Rhein ist eine Veranstaltung, die in Zusammenarbeit mit dem Institut Fran\u00e7ais de Cologne, der Unterst\u00fctzung von VillaFrance und dem DFJW organisiert wird, um Studenten die M\u00f6glichkeit zu geben, mit Experten \u00fcber ein bestimmtes Thema zu diskutieren. Professoren, Journalisten und Forscher geben den Ansto\u00df zur Diskussion und greifen die Fragen der Studenten auf, um die Debatte anzuregen.<\/p><p>Conversations am Rhein ist ein Reflexionstreffen, bei dem deutsch-franz\u00f6sische und europ\u00e4ische Perspektiven einander gegen\u00fcbergestellt werden.<\/p>\t\t\t\t\t\t\t\t<\/div>\n\t\t\t\t<\/div>\n\t\t\t\t\t<\/div>\n\t\t<\/div>\n\t\t\t\t\t<\/div>\n\t\t<\/section>\n\t\t\t\t\t<\/div>\n\t\t<\/div>\n\t\t\t\t\t<\/div>\n\t\t<\/section>\n\t\t\t\t<\/div>","protected":false},"excerpt":{"rendered":"<p>Nos Projets La DenkFabrik, c&rsquo;est d&rsquo;abord une aventure cr\u00e9ative. D\u00e9bats, questions de soci\u00e9t\u00e9, d\u00e9fense, culture, \u00e9nergie : DenkFabrik, c&rsquo;est d\u00e9j\u00e0 plus d&rsquo;une dizaine de projets et autant d&rsquo;\u00e9quipes qui planchent sur des articles, organisent des \u00e9v\u00e8nements, con\u00e7oivent des projets digitaux. DenkDefense, DenkKultur, DenkMit, DenkStory mais aussi conversations am Rhein, Kapsule, on te dit tout sur [&hellip;]<\/p>\n","protected":false},"author":1,"featured_media":0,"parent":0,"menu_order":0,"comment_status":"closed","ping_status":"closed","template":"","meta":{"footnotes":""},"class_list":["post-5229","page","type-page","status-publish","hentry"],"_links":{"self":[{"href":"https:\/\/ladenkfabrik.eu\/de\/wp-json\/wp\/v2\/pages\/5229","targetHints":{"allow":["GET"]}}],"collection":[{"href":"https:\/\/ladenkfabrik.eu\/de\/wp-json\/wp\/v2\/pages"}],"about":[{"href":"https:\/\/ladenkfabrik.eu\/de\/wp-json\/wp\/v2\/types\/page"}],"author":[{"embeddable":true,"href":"https:\/\/ladenkfabrik.eu\/de\/wp-json\/wp\/v2\/users\/1"}],"replies":[{"embeddable":true,"href":"https:\/\/ladenkfabrik.eu\/de\/wp-json\/wp\/v2\/comments?post=5229"}],"version-history":[{"count":0,"href":"https:\/\/ladenkfabrik.eu\/de\/wp-json\/wp\/v2\/pages\/5229\/revisions"}],"wp:attachment":[{"href":"https:\/\/ladenkfabrik.eu\/de\/wp-json\/wp\/v2\/media?parent=5229"}],"curies":[{"name":"wp","href":"https:\/\/api.w.org\/{rel}","templated":true}]}}