{"id":4354,"date":"2023-02-25T09:58:01","date_gmt":"2023-02-25T09:58:01","guid":{"rendered":"https:\/\/ladenkfabrik-dev.eu\/?page_id=4354"},"modified":"2023-05-29T18:17:41","modified_gmt":"2023-05-29T18:17:41","slug":"ladenkfabrik","status":"publish","type":"page","link":"https:\/\/ladenkfabrik.eu\/de\/ladenkfabrik\/","title":{"rendered":"La DenkFabrik"},"content":{"rendered":"<div data-elementor-type=\"wp-page\" data-elementor-id=\"4354\" class=\"elementor elementor-4354\" data-elementor-post-type=\"page\">\n\t\t\t\t\t\t<section class=\"elementor-section elementor-top-section elementor-element elementor-element-bac9ab9 elementor-section-boxed elementor-section-height-default elementor-section-height-default\" data-id=\"bac9ab9\" data-element_type=\"section\" data-e-type=\"section\">\n\t\t\t\t\t\t<div class=\"elementor-container elementor-column-gap-default\">\n\t\t\t\t\t<div class=\"elementor-column elementor-col-100 elementor-top-column elementor-element elementor-element-7a97fb9\" data-id=\"7a97fb9\" data-element_type=\"column\" data-e-type=\"column\">\n\t\t\t<div class=\"elementor-widget-wrap elementor-element-populated\">\n\t\t\t\t\t\t<div class=\"elementor-element elementor-element-e0bf484 elementor-hidden-mobile elementor-headline--style-highlight elementor-widget elementor-widget-animated-headline\" data-id=\"e0bf484\" data-element_type=\"widget\" data-e-type=\"widget\" data-settings=\"{&quot;marker&quot;:&quot;underline&quot;,&quot;highlighted_text&quot;:&quot;&amp; o\\u00f9 que tu sois&quot;,&quot;headline_style&quot;:&quot;highlight&quot;,&quot;loop&quot;:&quot;yes&quot;,&quot;highlight_animation_duration&quot;:1200,&quot;highlight_iteration_delay&quot;:8000}\" data-widget_type=\"animated-headline.default\">\n\t\t\t\t<div class=\"elementor-widget-container\">\n\t\t\t\t\t\t\t<h3 class=\"elementor-headline\">\n\t\t\t\t\t<span class=\"elementor-headline-plain-text elementor-headline-text-wrapper\">Paris <-> K\u00f6ln <-> Berlin <\/span>\n\t\t\t\t<span class=\"elementor-headline-dynamic-wrapper elementor-headline-text-wrapper\">\n\t\t\t\t\t<span class=\"elementor-headline-dynamic-text elementor-headline-text-active\">&amp; wo immer du bist<\/span>\n\t\t\t\t<\/span>\n\t\t\t\t<\/h3>\n\t\t\t\t\t\t<\/div>\n\t\t\t\t<\/div>\n\t\t\t\t<div class=\"elementor-element elementor-element-6ac513e elementor-hidden-desktop elementor-hidden-tablet elementor-widget elementor-widget-heading\" data-id=\"6ac513e\" data-element_type=\"widget\" data-e-type=\"widget\" data-widget_type=\"heading.default\">\n\t\t\t\t<div class=\"elementor-widget-container\">\n\t\t\t\t\t<h2 class=\"elementor-heading-title elementor-size-default\">Paris  K\u00f6ln  Berlin &amp; o\u00f9 que tu sois<\/h2>\t\t\t\t<\/div>\n\t\t\t\t<\/div>\n\t\t\t\t<div class=\"elementor-element elementor-element-b658887 elementor-widget elementor-widget-text-editor\" data-id=\"b658887\" data-element_type=\"widget\" data-e-type=\"widget\" data-widget_type=\"text-editor.default\">\n\t\t\t\t<div class=\"elementor-widget-container\">\n\t\t\t\t\t\t\t\t\t<p style=\"text-align: left;\"><span style=\"color: var( --e-global-color-text ); font-family: var( --e-global-typography-text-font-family ), Sans-serif; font-size: var( --e-global-typography-75b2af2-font-size ); font-style: var( --e-global-typography-text-font-style ); font-weight: var( --e-global-typography-75b2af2-font-weight ); letter-spacing: var( --e-global-typography-75b2af2-letter-spacing ); text-transform: var( --e-global-typography-text-text-transform ); word-spacing: var( --e-global-typography-75b2af2-word-spacing );\">Geboren in K\u00f6ln, auf halbem Weg zwischen Paris und Berlin, zu Hause auch in Deutschland und Frankreich: Unser Engagement ist dezentralisiert in jedem Blick.\u00a0<\/span><span style=\"color: var( --e-global-color-text ); font-family: var( --e-global-typography-text-font-family ), Sans-serif; font-size: var( --e-global-typography-75b2af2-font-size ); font-style: var( --e-global-typography-text-font-style ); font-weight: var( --e-global-typography-75b2af2-font-weight ); letter-spacing: var( --e-global-typography-75b2af2-letter-spacing ); text-transform: var( --e-global-typography-text-text-transform ); word-spacing: var( --e-global-typography-75b2af2-word-spacing );\">DenkFabrik ist dort, wo du bist.<\/span><span style=\"color: var( --e-global-color-text ); font-family: var( --e-global-typography-text-font-family ), Sans-serif; font-style: var( --e-global-typography-text-font-style ); letter-spacing: var( --e-global-typography-text-letter-spacing ); text-transform: var( --e-global-typography-text-text-transform ); word-spacing: var( --e-global-typography-text-word-spacing ); font-size: var( --e-global-typography-text-font-size ); font-weight: var( --e-global-typography-text-font-weight );\">\u00a0<\/span><\/p><p style=\"text-align: left;\">Seit 2021 ist die DenkFabrik in Deutschland als gemeinn\u00fctziger Verein eingetragen, dessen Sitz bis heute in K\u00f6ln residiert, um diese Verbundenheit zu verdeutlichen.<\/p>\t\t\t\t\t\t\t\t<\/div>\n\t\t\t\t<\/div>\n\t\t\t\t\t<\/div>\n\t\t<\/div>\n\t\t\t\t\t<\/div>\n\t\t<\/section>\n\t\t\t\t<section class=\"elementor-section elementor-top-section elementor-element elementor-element-f23c031 elementor-section-boxed elementor-section-height-default elementor-section-height-default\" data-id=\"f23c031\" data-element_type=\"section\" data-e-type=\"section\" data-settings=\"{&quot;background_background&quot;:&quot;classic&quot;}\">\n\t\t\t\t\t\t\t<div class=\"elementor-background-overlay\"><\/div>\n\t\t\t\t\t\t\t<div class=\"elementor-container elementor-column-gap-default\">\n\t\t\t\t\t<div class=\"elementor-column elementor-col-100 elementor-top-column elementor-element elementor-element-cd9a6e9\" data-id=\"cd9a6e9\" data-element_type=\"column\" data-e-type=\"column\">\n\t\t\t<div class=\"elementor-widget-wrap elementor-element-populated\">\n\t\t\t\t\t\t<div class=\"elementor-element elementor-element-8a69976 elementor-widget elementor-widget-heading\" data-id=\"8a69976\" data-element_type=\"widget\" data-e-type=\"widget\" data-widget_type=\"heading.default\">\n\t\t\t\t<div class=\"elementor-widget-container\">\n\t\t\t\t\t<h1 class=\"elementor-heading-title elementor-size-default\">Warum La DenkFabrik?<\/h1>\t\t\t\t<\/div>\n\t\t\t\t<\/div>\n\t\t\t\t<div class=\"elementor-element elementor-element-844611c elementor-widget elementor-widget-text-editor\" data-id=\"844611c\" data-element_type=\"widget\" data-e-type=\"widget\" data-widget_type=\"text-editor.default\">\n\t\t\t\t<div class=\"elementor-widget-container\">\n\t\t\t\t\t\t\t\t\t<p>Es ist uns wichtig, dass die deutsch-franz\u00f6sischen Beziehungen nicht nur in den Geschichtsb\u00fcchern stehen, sondern auch gelebt werden k\u00f6nnen. Aus diesem Grund halten wir es f\u00fcr wesentlich, dass wir gemeinsam \u00fcber unsere zuk\u00fcnftigen deutsch-franz\u00f6sischen Perspektiven nachdenken und sie gestalten, in denen die Jugend eine wichtige Rolle spielen kann und die sowohl die Vielfalt als auch das breite Publikum, das die deutsch-franz\u00f6sische Sprache erreichen kann, veranschaulich<\/p><p>Mit unserem Engagement wollen wir dem deutsch-franz\u00f6sischen Motor einen neuen Treibstoff geben, ein europ\u00e4isches Zukunftsnetzwerk aufbauen und junge Menschen f\u00fcr zivilgesellschaftliches Engagement begeistern.<\/p><p><a style=\"font-family: var( --e-global-typography-text-font-family ), Sans-serif; font-size: var( --e-global-typography-75b2af2-font-size ); font-style: var( --e-global-typography-text-font-style ); font-weight: var( --e-global-typography-75b2af2-font-weight ); letter-spacing: var( --e-global-typography-75b2af2-letter-spacing ); text-transform: var( --e-global-typography-text-text-transform ); word-spacing: var( --e-global-typography-75b2af2-word-spacing );\" href=\"https:\/\/ladenkfabrik.eu\/wp-content\/uploads\/2023\/05\/Manifesto-La-DenkFabrik.pdf\" target=\"_blank\" rel=\"noopener\">Unser Manifesto &gt;&gt;<\/a><\/p>\t\t\t\t\t\t\t\t<\/div>\n\t\t\t\t<\/div>\n\t\t\t\t\t<\/div>\n\t\t<\/div>\n\t\t\t\t\t<\/div>\n\t\t<\/section>\n\t\t\t\t<section class=\"elementor-section elementor-top-section elementor-element elementor-element-c121a12 elementor-section-boxed elementor-section-height-default elementor-section-height-default\" data-id=\"c121a12\" data-element_type=\"section\" data-e-type=\"section\">\n\t\t\t\t\t\t<div class=\"elementor-container elementor-column-gap-default\">\n\t\t\t\t\t<div class=\"elementor-column elementor-col-100 elementor-top-column elementor-element elementor-element-d7f9348\" data-id=\"d7f9348\" data-element_type=\"column\" data-e-type=\"column\">\n\t\t\t<div class=\"elementor-widget-wrap elementor-element-populated\">\n\t\t\t\t\t\t<div class=\"elementor-element elementor-element-60063ae elementor-widget elementor-widget-heading\" data-id=\"60063ae\" data-element_type=\"widget\" data-e-type=\"widget\" data-widget_type=\"heading.default\">\n\t\t\t\t<div class=\"elementor-widget-container\">\n\t\t\t\t\t<h1 class=\"elementor-heading-title elementor-size-default\">DenkFabriker:innen<\/h1>\t\t\t\t<\/div>\n\t\t\t\t<\/div>\n\t\t\t\t<div class=\"elementor-element elementor-element-e3b03f6 elementor-widget elementor-widget-text-editor\" data-id=\"e3b03f6\" data-element_type=\"widget\" data-e-type=\"widget\" data-widget_type=\"text-editor.default\">\n\t\t\t\t<div class=\"elementor-widget-container\">\n\t\t\t\t\t\t\t\t\t<p>Unsere DenkFabriker:innen sind junge Menschen aus verschiedenen Orten in Frankreich und Deutschland. Nicht alle sind typisch deutsch-franz\u00f6sisch. Gemeinsam engagieren wir uns f\u00fcr die Zukunft unserer beiden L\u00e4nder.<\/p>\t\t\t\t\t\t\t\t<\/div>\n\t\t\t\t<\/div>\n\t\t\t\t<div class=\"elementor-element elementor-element-f0c5008 elementor-posts--align-left elementor-hidden-mobile elementor-grid-4 elementor-grid-tablet-2 elementor-grid-mobile-1 elementor-posts--thumbnail-top elementor-widget elementor-widget-posts\" data-id=\"f0c5008\" data-element_type=\"widget\" data-e-type=\"widget\" data-settings=\"{&quot;classic_row_gap&quot;:{&quot;unit&quot;:&quot;px&quot;,&quot;size&quot;:5,&quot;sizes&quot;:[]},&quot;classic_columns&quot;:&quot;4&quot;,&quot;classic_columns_tablet&quot;:&quot;2&quot;,&quot;classic_columns_mobile&quot;:&quot;1&quot;,&quot;classic_row_gap_tablet&quot;:{&quot;unit&quot;:&quot;px&quot;,&quot;size&quot;:&quot;&quot;,&quot;sizes&quot;:[]},&quot;classic_row_gap_mobile&quot;:{&quot;unit&quot;:&quot;px&quot;,&quot;size&quot;:&quot;&quot;,&quot;sizes&quot;:[]}}\" data-widget_type=\"posts.classic\">\n\t\t\t\t<div class=\"elementor-widget-container\">\n\t\t\t\t\t\t\t<div class=\"elementor-posts-container elementor-posts elementor-posts--skin-classic elementor-grid\">\n\t\t\t\t<article class=\"elementor-post elementor-grid-item post-6873 post type-post status-publish format-standard has-post-thumbnail hentry category-denkfabrikerinnen\">\n\t\t\t\t<a class=\"elementor-post__thumbnail__link\" href=\"https:\/\/ladenkfabrik.eu\/de\/denkfabrikerinnen\/leandra-viel\/\" tabindex=\"-1\" >\n\t\t\t<div class=\"elementor-post__thumbnail\"><img fetchpriority=\"high\" decoding=\"async\" width=\"283\" height=\"307\" src=\"https:\/\/ladenkfabrik.eu\/wp-content\/uploads\/2024\/10\/B094F569-F32B-447B-B625-ADBEE08D9C6A_4_5005_c-e1728418992261.jpeg\" class=\"attachment-large size-large wp-image-6874\" alt=\"\" srcset=\"https:\/\/ladenkfabrik.eu\/wp-content\/uploads\/2024\/10\/B094F569-F32B-447B-B625-ADBEE08D9C6A_4_5005_c-e1728418992261.jpeg 283w, https:\/\/ladenkfabrik.eu\/wp-content\/uploads\/2024\/10\/B094F569-F32B-447B-B625-ADBEE08D9C6A_4_5005_c-e1728418992261-277x300.jpeg 277w, https:\/\/ladenkfabrik.eu\/wp-content\/uploads\/2024\/10\/B094F569-F32B-447B-B625-ADBEE08D9C6A_4_5005_c-e1728418992261-11x12.jpeg 11w\" sizes=\"(max-width: 283px) 100vw, 283px\" \/><\/div>\n\t\t<\/a>\n\t\t\t\t<div class=\"elementor-post__text\">\n\t\t\t\t<h2 class=\"elementor-post__title\">\n\t\t\t<a href=\"https:\/\/ladenkfabrik.eu\/de\/denkfabrikerinnen\/leandra-viel\/\" >\n\t\t\t\tLeandra Vi\u00e8l\t\t\t<\/a>\n\t\t<\/h2>\n\t\t\t\t<div class=\"elementor-post__excerpt\">\n\t\t\t<p>Franz\u00f6sische Co-Pr\u00e4sidentin <\/p>\n\t\t<\/div>\n\t\t\t\t<\/div>\n\t\t\t\t<\/article>\n\t\t\t\t<article class=\"elementor-post elementor-grid-item post-6879 post type-post status-publish format-standard has-post-thumbnail hentry category-denkfabrikerinnen\">\n\t\t\t\t<a class=\"elementor-post__thumbnail__link\" href=\"https:\/\/ladenkfabrik.eu\/de\/denkfabrikerinnen\/adrien-becker\/\" tabindex=\"-1\" >\n\t\t\t<div class=\"elementor-post__thumbnail\"><img decoding=\"async\" width=\"324\" height=\"298\" src=\"https:\/\/ladenkfabrik.eu\/wp-content\/uploads\/2024\/10\/FFE76A68-7621-4F6A-A4E5-049FCD77BFFD_4_5005_c-1-e1728647608863.jpeg\" class=\"attachment-large size-large wp-image-6904\" alt=\"\" srcset=\"https:\/\/ladenkfabrik.eu\/wp-content\/uploads\/2024\/10\/FFE76A68-7621-4F6A-A4E5-049FCD77BFFD_4_5005_c-1-e1728647608863.jpeg 324w, https:\/\/ladenkfabrik.eu\/wp-content\/uploads\/2024\/10\/FFE76A68-7621-4F6A-A4E5-049FCD77BFFD_4_5005_c-1-e1728647608863-300x276.jpeg 300w, https:\/\/ladenkfabrik.eu\/wp-content\/uploads\/2024\/10\/FFE76A68-7621-4F6A-A4E5-049FCD77BFFD_4_5005_c-1-e1728647608863-13x12.jpeg 13w\" sizes=\"(max-width: 324px) 100vw, 324px\" \/><\/div>\n\t\t<\/a>\n\t\t\t\t<div class=\"elementor-post__text\">\n\t\t\t\t<h2 class=\"elementor-post__title\">\n\t\t\t<a href=\"https:\/\/ladenkfabrik.eu\/de\/denkfabrikerinnen\/adrien-becker\/\" >\n\t\t\t\tAdrien Becker\t\t\t<\/a>\n\t\t<\/h2>\n\t\t\t\t<div class=\"elementor-post__excerpt\">\n\t\t\t<p>Deutscher Co-Pr\u00e4sident <\/p>\n\t\t<\/div>\n\t\t\t\t<\/div>\n\t\t\t\t<\/article>\n\t\t\t\t<\/div>\n\t\t\n\t\t\t\t\t\t<\/div>\n\t\t\t\t<\/div>\n\t\t\t\t<div class=\"elementor-element elementor-element-c0a0aca elementor-posts--align-left elementor-hidden-desktop elementor-hidden-tablet elementor-grid-mobile-2 elementor-grid-3 elementor-grid-tablet-2 elementor-posts--thumbnail-top elementor-widget elementor-widget-posts\" data-id=\"c0a0aca\" data-element_type=\"widget\" data-e-type=\"widget\" data-settings=\"{&quot;classic_row_gap&quot;:{&quot;unit&quot;:&quot;px&quot;,&quot;size&quot;:30,&quot;sizes&quot;:[]},&quot;classic_columns_mobile&quot;:&quot;2&quot;,&quot;classic_row_gap_mobile&quot;:{&quot;unit&quot;:&quot;px&quot;,&quot;size&quot;:5,&quot;sizes&quot;:[]},&quot;classic_columns&quot;:&quot;3&quot;,&quot;classic_columns_tablet&quot;:&quot;2&quot;,&quot;classic_row_gap_tablet&quot;:{&quot;unit&quot;:&quot;px&quot;,&quot;size&quot;:&quot;&quot;,&quot;sizes&quot;:[]}}\" data-widget_type=\"posts.classic\">\n\t\t\t\t<div class=\"elementor-widget-container\">\n\t\t\t\t\t\t\t<div class=\"elementor-posts-container elementor-posts elementor-posts--skin-classic elementor-grid\">\n\t\t\t\t<article class=\"elementor-post elementor-grid-item post-6879 post type-post status-publish format-standard has-post-thumbnail hentry category-denkfabrikerinnen\">\n\t\t\t\t<a class=\"elementor-post__thumbnail__link\" href=\"https:\/\/ladenkfabrik.eu\/de\/denkfabrikerinnen\/adrien-becker\/\" tabindex=\"-1\" >\n\t\t\t<div class=\"elementor-post__thumbnail\"><img decoding=\"async\" width=\"324\" height=\"298\" src=\"https:\/\/ladenkfabrik.eu\/wp-content\/uploads\/2024\/10\/FFE76A68-7621-4F6A-A4E5-049FCD77BFFD_4_5005_c-1-e1728647608863.jpeg\" class=\"attachment-large size-large wp-image-6904\" alt=\"\" srcset=\"https:\/\/ladenkfabrik.eu\/wp-content\/uploads\/2024\/10\/FFE76A68-7621-4F6A-A4E5-049FCD77BFFD_4_5005_c-1-e1728647608863.jpeg 324w, https:\/\/ladenkfabrik.eu\/wp-content\/uploads\/2024\/10\/FFE76A68-7621-4F6A-A4E5-049FCD77BFFD_4_5005_c-1-e1728647608863-300x276.jpeg 300w, https:\/\/ladenkfabrik.eu\/wp-content\/uploads\/2024\/10\/FFE76A68-7621-4F6A-A4E5-049FCD77BFFD_4_5005_c-1-e1728647608863-13x12.jpeg 13w\" sizes=\"(max-width: 324px) 100vw, 324px\" \/><\/div>\n\t\t<\/a>\n\t\t\t\t<div class=\"elementor-post__text\">\n\t\t\t\t<h2 class=\"elementor-post__title\">\n\t\t\t<a href=\"https:\/\/ladenkfabrik.eu\/de\/denkfabrikerinnen\/adrien-becker\/\" >\n\t\t\t\tAdrien Becker\t\t\t<\/a>\n\t\t<\/h2>\n\t\t\t\t<div class=\"elementor-post__excerpt\">\n\t\t\t<p>Deutscher Co-Pr\u00e4sident <\/p>\n\t\t<\/div>\n\t\t\t\t<\/div>\n\t\t\t\t<\/article>\n\t\t\t\t<article class=\"elementor-post elementor-grid-item post-6873 post type-post status-publish format-standard has-post-thumbnail hentry category-denkfabrikerinnen\">\n\t\t\t\t<a class=\"elementor-post__thumbnail__link\" href=\"https:\/\/ladenkfabrik.eu\/de\/denkfabrikerinnen\/leandra-viel\/\" tabindex=\"-1\" >\n\t\t\t<div class=\"elementor-post__thumbnail\"><img fetchpriority=\"high\" decoding=\"async\" width=\"283\" height=\"307\" src=\"https:\/\/ladenkfabrik.eu\/wp-content\/uploads\/2024\/10\/B094F569-F32B-447B-B625-ADBEE08D9C6A_4_5005_c-e1728418992261.jpeg\" class=\"attachment-large size-large wp-image-6874\" alt=\"\" srcset=\"https:\/\/ladenkfabrik.eu\/wp-content\/uploads\/2024\/10\/B094F569-F32B-447B-B625-ADBEE08D9C6A_4_5005_c-e1728418992261.jpeg 283w, https:\/\/ladenkfabrik.eu\/wp-content\/uploads\/2024\/10\/B094F569-F32B-447B-B625-ADBEE08D9C6A_4_5005_c-e1728418992261-277x300.jpeg 277w, https:\/\/ladenkfabrik.eu\/wp-content\/uploads\/2024\/10\/B094F569-F32B-447B-B625-ADBEE08D9C6A_4_5005_c-e1728418992261-11x12.jpeg 11w\" sizes=\"(max-width: 283px) 100vw, 283px\" \/><\/div>\n\t\t<\/a>\n\t\t\t\t<div class=\"elementor-post__text\">\n\t\t\t\t<h2 class=\"elementor-post__title\">\n\t\t\t<a href=\"https:\/\/ladenkfabrik.eu\/de\/denkfabrikerinnen\/leandra-viel\/\" >\n\t\t\t\tLeandra Vi\u00e8l\t\t\t<\/a>\n\t\t<\/h2>\n\t\t\t\t<div class=\"elementor-post__excerpt\">\n\t\t\t<p>Franz\u00f6sische Co-Pr\u00e4sidentin <\/p>\n\t\t<\/div>\n\t\t\t\t<\/div>\n\t\t\t\t<\/article>\n\t\t\t\t<\/div>\n\t\t\n\t\t\t\t\t\t<\/div>\n\t\t\t\t<\/div>\n\t\t\t\t\t<\/div>\n\t\t<\/div>\n\t\t\t\t\t<\/div>\n\t\t<\/section>\n\t\t\t\t<section class=\"elementor-section elementor-top-section elementor-element elementor-element-4473b4a elementor-section-boxed elementor-section-height-default elementor-section-height-default\" data-id=\"4473b4a\" data-element_type=\"section\" data-e-type=\"section\">\n\t\t\t\t\t\t<div class=\"elementor-container elementor-column-gap-default\">\n\t\t\t\t\t<div class=\"elementor-column elementor-col-100 elementor-top-column elementor-element elementor-element-9d6336b\" data-id=\"9d6336b\" data-element_type=\"column\" data-e-type=\"column\">\n\t\t\t<div class=\"elementor-widget-wrap elementor-element-populated\">\n\t\t\t\t\t\t<div class=\"elementor-element elementor-element-50fe1f1 elementor-widget elementor-widget-heading\" data-id=\"50fe1f1\" data-element_type=\"widget\" data-e-type=\"widget\" data-widget_type=\"heading.default\">\n\t\t\t\t<div class=\"elementor-widget-container\">\n\t\t\t\t\t<h1 class=\"elementor-heading-title elementor-size-default\">Werde DenkFabriker:in!<\/h1>\t\t\t\t<\/div>\n\t\t\t\t<\/div>\n\t\t\t\t<div class=\"elementor-element elementor-element-427e5b1 elementor-widget elementor-widget-text-editor\" data-id=\"427e5b1\" data-element_type=\"widget\" data-e-type=\"widget\" data-widget_type=\"text-editor.default\">\n\t\t\t\t<div class=\"elementor-widget-container\">\n\t\t\t\t\t\t\t\t\t<p>Die DenkFabrik bringt junge Menschen aus Frankreich und Deutschland zusammen, um \u00fcber die gro\u00dfen Herausforderungen unserer Zeit nachzudenken und neue Ideen f\u00fcr die Zukunft Europas zu entwickeln.<\/p><p>Zugleich geben wir ihnen die Gelegenheit, sich durch das Engagement in einem deutsch-franz\u00f6sischen Verein individuell weiterzuentwickeln. Wir f\u00f6rdern Begegnungen, Kreativit\u00e4t, Reflexion, institutionellen Dialog und eine europ\u00e4ische Identit\u00e4t.<\/p><p>Schlie\u00dfe dich uns an! Du kannst uns per E-Mail oder \u00fcber die sozialen Netzwerke kontaktieren.<\/p>\t\t\t\t\t\t\t\t<\/div>\n\t\t\t\t<\/div>\n\t\t\t\t\t<\/div>\n\t\t<\/div>\n\t\t\t\t\t<\/div>\n\t\t<\/section>\n\t\t\t\t<section class=\"elementor-section elementor-top-section elementor-element elementor-element-84e9055 elementor-section-boxed elementor-section-height-default elementor-section-height-default\" data-id=\"84e9055\" data-element_type=\"section\" data-e-type=\"section\" data-settings=\"{&quot;background_background&quot;:&quot;classic&quot;}\">\n\t\t\t\t\t\t\t<div class=\"elementor-background-overlay\"><\/div>\n\t\t\t\t\t\t\t<div class=\"elementor-container elementor-column-gap-default\">\n\t\t\t\t\t<div class=\"elementor-column elementor-col-100 elementor-top-column elementor-element elementor-element-0023db4\" data-id=\"0023db4\" data-element_type=\"column\" data-e-type=\"column\">\n\t\t\t<div class=\"elementor-widget-wrap elementor-element-populated\">\n\t\t\t\t\t\t<div class=\"elementor-element elementor-element-855be80 elementor-widget elementor-widget-heading\" data-id=\"855be80\" data-element_type=\"widget\" data-e-type=\"widget\" data-widget_type=\"heading.default\">\n\t\t\t\t<div class=\"elementor-widget-container\">\n\t\t\t\t\t<h1 class=\"elementor-heading-title elementor-size-default\">Unsere Partner<\/h1>\t\t\t\t<\/div>\n\t\t\t\t<\/div>\n\t\t\t\t<div class=\"elementor-element elementor-element-cfe0afc elementor-widget elementor-widget-text-editor\" data-id=\"cfe0afc\" data-element_type=\"widget\" data-e-type=\"widget\" data-widget_type=\"text-editor.default\">\n\t\t\t\t<div class=\"elementor-widget-container\">\n\t\t\t\t\t\t\t\t\t<p>In der DenkFabrik arbeiten wir mit verschiedenen Institutionen, Unternehmen und Vereinen zusammen. Im Laufe der Projekte bauen wir mit ihnen eine Partnerschaft auf und vereinbaren je nach Bedarf einen Rahmen f\u00fcr die konzeptionelle und eventuell auch finanzielle Unterst\u00fctzung. <br \/>Wollen Sie unser Partner:in werden? Kontaktieren Sie uns!\u00a0 <a href=\"mailto:sponsoring@ladenkfabrik.eu\">sponsoring@ladenkfabrik.eu<\/a>.<\/p>\t\t\t\t\t\t\t\t<\/div>\n\t\t\t\t<\/div>\n\t\t\t\t<section class=\"elementor-section elementor-inner-section elementor-element elementor-element-22271f4 elementor-section-boxed elementor-section-height-default elementor-section-height-default\" data-id=\"22271f4\" data-element_type=\"section\" data-e-type=\"section\">\n\t\t\t\t\t\t<div class=\"elementor-container elementor-column-gap-default\">\n\t\t\t\t\t<div class=\"elementor-column elementor-col-50 elementor-inner-column elementor-element elementor-element-31d9232\" data-id=\"31d9232\" data-element_type=\"column\" data-e-type=\"column\">\n\t\t\t<div class=\"elementor-widget-wrap elementor-element-populated\">\n\t\t\t\t\t\t<div class=\"elementor-element elementor-element-5d431c9 elementor-widget elementor-widget-image\" data-id=\"5d431c9\" data-element_type=\"widget\" data-e-type=\"widget\" data-widget_type=\"image.default\">\n\t\t\t\t<div class=\"elementor-widget-container\">\n\t\t\t\t\t\t\t\t\t\t\t\t\t\t\t<img decoding=\"async\" width=\"800\" height=\"309\" src=\"https:\/\/ladenkfabrik.eu\/wp-content\/uploads\/2023\/05\/Soutiens-1-1024x396.png\" class=\"attachment-large size-large wp-image-5904\" alt=\"\" srcset=\"https:\/\/ladenkfabrik.eu\/wp-content\/uploads\/2023\/05\/Soutiens-1-1024x396.png 1024w, https:\/\/ladenkfabrik.eu\/wp-content\/uploads\/2023\/05\/Soutiens-1-300x116.png 300w, https:\/\/ladenkfabrik.eu\/wp-content\/uploads\/2023\/05\/Soutiens-1-768x297.png 768w, https:\/\/ladenkfabrik.eu\/wp-content\/uploads\/2023\/05\/Soutiens-1-18x7.png 18w, https:\/\/ladenkfabrik.eu\/wp-content\/uploads\/2023\/05\/Soutiens-1.png 1343w\" sizes=\"(max-width: 800px) 100vw, 800px\" \/>\t\t\t\t\t\t\t\t\t\t\t\t\t\t\t<\/div>\n\t\t\t\t<\/div>\n\t\t\t\t\t<\/div>\n\t\t<\/div>\n\t\t\t\t<div class=\"elementor-column elementor-col-50 elementor-inner-column elementor-element elementor-element-07652bb\" data-id=\"07652bb\" data-element_type=\"column\" data-e-type=\"column\">\n\t\t\t<div class=\"elementor-widget-wrap elementor-element-populated\">\n\t\t\t\t\t\t<div class=\"elementor-element elementor-element-a87a80e elementor-widget elementor-widget-image\" data-id=\"a87a80e\" data-element_type=\"widget\" data-e-type=\"widget\" data-widget_type=\"image.default\">\n\t\t\t\t<div class=\"elementor-widget-container\">\n\t\t\t\t\t\t\t\t\t\t\t\t\t\t\t<img loading=\"lazy\" decoding=\"async\" width=\"800\" height=\"297\" src=\"https:\/\/ladenkfabrik.eu\/wp-content\/uploads\/2023\/05\/Soutiens-2-1024x380.png\" class=\"attachment-large size-large wp-image-5905\" alt=\"\" srcset=\"https:\/\/ladenkfabrik.eu\/wp-content\/uploads\/2023\/05\/Soutiens-2-1024x380.png 1024w, https:\/\/ladenkfabrik.eu\/wp-content\/uploads\/2023\/05\/Soutiens-2-300x111.png 300w, https:\/\/ladenkfabrik.eu\/wp-content\/uploads\/2023\/05\/Soutiens-2-768x285.png 768w, https:\/\/ladenkfabrik.eu\/wp-content\/uploads\/2023\/05\/Soutiens-2-18x7.png 18w, https:\/\/ladenkfabrik.eu\/wp-content\/uploads\/2023\/05\/Soutiens-2.png 1342w\" sizes=\"(max-width: 800px) 100vw, 800px\" \/>\t\t\t\t\t\t\t\t\t\t\t\t\t\t\t<\/div>\n\t\t\t\t<\/div>\n\t\t\t\t\t<\/div>\n\t\t<\/div>\n\t\t\t\t\t<\/div>\n\t\t<\/section>\n\t\t\t\t\t<\/div>\n\t\t<\/div>\n\t\t\t\t\t<\/div>\n\t\t<\/section>\n\t\t\t\t<section class=\"elementor-section elementor-top-section elementor-element elementor-element-8bff070 elementor-section-boxed elementor-section-height-default elementor-section-height-default\" data-id=\"8bff070\" data-element_type=\"section\" data-e-type=\"section\">\n\t\t\t\t\t\t<div class=\"elementor-container elementor-column-gap-default\">\n\t\t\t\t\t<div class=\"elementor-column elementor-col-100 elementor-top-column elementor-element elementor-element-35b5d92\" data-id=\"35b5d92\" data-element_type=\"column\" data-e-type=\"column\">\n\t\t\t<div class=\"elementor-widget-wrap\">\n\t\t\t\t\t\t\t<\/div>\n\t\t<\/div>\n\t\t\t\t\t<\/div>\n\t\t<\/section>\n\t\t\t\t<\/div>","protected":false},"excerpt":{"rendered":"<p>Paris K\u00f6ln Berlin &#038; o\u00f9 que tu sois Paris K\u00f6ln Berlin &#038; o\u00f9 que tu sois N\u00e9e \u00e0 Cologne, \u00e0 mi-chemin entre Paris et Berlin, \u00e0 la maison \u00e9galement en Allemagne et en France: notre engagement est d\u00e9centralis\u00e9 dans chaque regard.\u00a0DenkFabrik est l\u00e0 o\u00f9 tu es.\u00a0 Depuis 2021, DenkFabrik est enregistr\u00e9 en Allemagne comme une [&hellip;]<\/p>\n","protected":false},"author":1,"featured_media":0,"parent":0,"menu_order":0,"comment_status":"closed","ping_status":"closed","template":"elementor_header_footer","meta":{"footnotes":""},"class_list":["post-4354","page","type-page","status-publish","hentry"],"_links":{"self":[{"href":"https:\/\/ladenkfabrik.eu\/de\/wp-json\/wp\/v2\/pages\/4354","targetHints":{"allow":["GET"]}}],"collection":[{"href":"https:\/\/ladenkfabrik.eu\/de\/wp-json\/wp\/v2\/pages"}],"about":[{"href":"https:\/\/ladenkfabrik.eu\/de\/wp-json\/wp\/v2\/types\/page"}],"author":[{"embeddable":true,"href":"https:\/\/ladenkfabrik.eu\/de\/wp-json\/wp\/v2\/users\/1"}],"replies":[{"embeddable":true,"href":"https:\/\/ladenkfabrik.eu\/de\/wp-json\/wp\/v2\/comments?post=4354"}],"version-history":[{"count":0,"href":"https:\/\/ladenkfabrik.eu\/de\/wp-json\/wp\/v2\/pages\/4354\/revisions"}],"wp:attachment":[{"href":"https:\/\/ladenkfabrik.eu\/de\/wp-json\/wp\/v2\/media?parent=4354"}],"curies":[{"name":"wp","href":"https:\/\/api.w.org\/{rel}","templated":true}]}}